{"id":501,"date":"2022-02-21T12:45:14","date_gmt":"2022-02-21T12:45:14","guid":{"rendered":"https:\/\/elyonlogistics.com.mx\/contact\/"},"modified":"2025-10-07T17:45:29","modified_gmt":"2025-10-07T17:45:29","slug":"contacto","status":"publish","type":"page","link":"https:\/\/elyonlogistics.com.mx\/be\/contacto\/","title":{"rendered":"\u041a\u0430\u043d\u0442\u0430\u043a\u0442"},"content":{"rendered":"\n<div class=\"wp-block-uagb-container uagb-block-ffc1542d alignfull uagb-is-root-container\"><div class=\"uagb-container-inner-blocks-wrap\">\n<div class=\"wp-block-uagb-advanced-heading uagb-block-bdd64c41\"><h1 class=\"uagb-heading-text\">Cont\u00e1ctanos<\/h1><\/div>\n<\/div><\/div>\n\n\n\n<div class=\"wp-block-uagb-container uagb-block-7dc9cc23 alignfull uagb-is-root-container\"><div class=\"uagb-container-inner-blocks-wrap\">\n<div class=\"wp-block-uagb-advanced-heading uagb-block-a5786f19\"><h3 class=\"uagb-heading-text\">Nuestra Sede<\/h3><\/div>\n\n\n\n<div class=\"wp-block-uagb-advanced-heading uagb-block-d01f1652\"><h2 class=\"uagb-heading-text\">Detalles de Contacto<\/h2><\/div>\n\n\n\n<div class=\"wp-block-uagb-container uagb-block-d6700654\">\n<div class=\"wp-block-uagb-container uagb-block-1fff6dde\">\n<div class=\"wp-block-uagb-advanced-heading uagb-block-08cb741b\"><h3 class=\"uagb-heading-text\">Elyon Logistics <\/h3><\/div>\n\n\n\n<div class=\"wp-block-uagb-advanced-heading uagb-block-5d192c3e\"><h4 class=\"uagb-heading-text\">Direcci\u00f3n<\/h4><p class=\"uagb-desc-text\">Camino Aeropuerto Mazatl\u00e1n S\/N Col. Habalito del Tubo CP. 82207<\/p><\/div>\n\n\n\n<div class=\"wp-block-uagb-advanced-heading uagb-block-ffb8841e\"><h4 class=\"uagb-heading-text\">Horarios<\/h4><p class=\"uagb-desc-text\">Lunes &#8211; Viernes  08:30 am &#8211; 17:30 pm<br>S\u00e1bado 08:30 am &#8211; 14:00 pm<\/p><\/div>\n\n\n\n<div class=\"wp-block-uagb-advanced-heading uagb-block-f844663c\"><h4 class=\"uagb-heading-text\">Email<\/h4><\/div>\n\n\n\n<ul class=\"wp-block-list\">\n<li>dmacias@elyon-logistics.com<\/li>\n\n\n\n<li>cayon@elyon-logistics.com<\/li>\n<\/ul>\n<\/div>\n\n\n\n<div class=\"wp-block-uagb-container uagb-block-c4b336b9\">\t\t\t<div \n\t\t\tclass=\"wp-block-uagb-google-map uagb-google-map__wrap uagb-block-22a9c63a     \"\n\t\t\tstyle=\"\" >\n\t\t\t\t<embed\n\t\t\t\t\tclass=\"uagb-google-map__iframe\"\n\t\t\t\t\ttitle=\"Google Map for \"\n\t\t\t\t\tsrc=\"https:\/\/maps.google.com\/maps?q=elyon%20logistics&#038;z=13&#038;hl=en&#038;t=m&#038;output=embed&#038;iwloc=near\"\n\t\t\t\t\twidth=\"640\"\n\t\t\t\t\theight=\"577\"\n\t\t\t\t\tloading=\"lazy\"\n\t\t\t\t><\/embed>\n\t\t\t<\/div>\n\t\t\t<\/div>\n<\/div>\n\n\n\n<div class=\"wp-block-uagb-info-box uagb-block-f555624e uagb-infobox__content-wrap  uagb-infobox-icon-above-title uagb-infobox-image-valign-top\"><div class=\"uagb-ifb-content\"><div class=\"uagb-ifb-title-wrap\"><\/div><div class=\"uagb-ifb-separator\"><\/div><\/div><\/div>\n<\/div><\/div>\n\n\n\n<div class=\"wp-block-uagb-container uagb-block-01a5eb8e alignfull uagb-is-root-container\"><div class=\"uagb-container-inner-blocks-wrap\">\n<div class=\"wp-block-uagb-container uagb-block-b0aef8d0\">\n<div class=\"wp-block-uagb-advanced-heading uagb-block-0b9b9d02\"><h2 class=\"uagb-heading-text\">\u00bfNecesitas Informaci\u00f3n?<\/h2><p class=\"uagb-desc-text\">\u00bfListo para trabajar juntos?<\/p><\/div>\n\n\n<div class=\"wpforms-container wpforms-block wpforms-block-57e2d087-27c3-4c78-964c-0b6bff06c631\" id=\"wpforms-5\"><form id=\"wpforms-form-5\" class=\"wpforms-validate wpforms-form wpforms-ajax-form\" data-formid=\"5\" method=\"post\" enctype=\"multipart\/form-data\" action=\"\/be\/wp-json\/wp\/v2\/pages\/501\" data-token=\"5980d5f7681f072099c343e46b980892\" data-token-time=\"1777388245\"><noscript class=\"wpforms-error-noscript\">Please enable JavaScript in your browser to complete this form.<\/noscript><div class=\"wpforms-field-container\"><div id=\"wpforms-5-field_0-container\" class=\"wpforms-field wpforms-field-name\" data-field-id=\"0\"><label class=\"wpforms-field-label wpforms-label-hide\" for=\"wpforms-5-field_0\">Nombre <span class=\"wpforms-required-label\">*<\/span><\/label><input type=\"text\" id=\"wpforms-5-field_0\" class=\"wpforms-field-large wpforms-field-required\" name=\"wpforms[fields][0]\" placeholder=\"Nombre completo\" required><\/div><div id=\"wpforms-5-field_1-container\" class=\"wpforms-field wpforms-field-email\" data-field-id=\"1\"><label class=\"wpforms-field-label wpforms-label-hide\" for=\"wpforms-5-field_1\">Email <span class=\"wpforms-required-label\">*<\/span><\/label><input type=\"email\" id=\"wpforms-5-field_1\" class=\"wpforms-field-large wpforms-field-required\" name=\"wpforms[fields][1]\" placeholder=\"Email\" spellcheck=\"false\" required><\/div><div id=\"wpforms-5-field_3-container\" class=\"wpforms-field wpforms-field-text\" data-field-id=\"3\"><label class=\"wpforms-field-label wpforms-label-hide\" for=\"wpforms-5-field_3\">Asunto <\/label><input type=\"text\" id=\"wpforms-5-field_3\" class=\"wpforms-field-large\" name=\"wpforms[fields][3]\" placeholder=\"Asunto \" ><\/div><div id=\"wpforms-5-field_2-container\" class=\"wpforms-field wpforms-field-textarea\" data-field-id=\"2\"><label class=\"wpforms-field-label wpforms-label-hide\" for=\"wpforms-5-field_2\">Mensaje o Comentario <span class=\"wpforms-required-label\">*<\/span><\/label><textarea id=\"wpforms-5-field_2\" class=\"wpforms-field-medium wpforms-field-required\" name=\"wpforms[fields][2]\" placeholder=\"Mensaje\" required><\/textarea><\/div><\/div><!-- .wpforms-field-container --><div class=\"wpforms-recaptcha-container wpforms-is-recaptcha wpforms-is-recaptcha-type-v3\" ><input type=\"hidden\" name=\"wpforms[recaptcha]\" value=\"\"><\/div><div class=\"wpforms-submit-container\" ><input type=\"hidden\" name=\"wpforms[id]\" value=\"5\"><input type=\"hidden\" name=\"page_title\" value=\"\"><input type=\"hidden\" name=\"page_url\" value=\"https:\/\/elyonlogistics.com.mx\/be\/wp-json\/wp\/v2\/pages\/501\"><input type=\"hidden\" name=\"url_referer\" value=\"\"><button type=\"submit\" name=\"wpforms[submit]\" id=\"wpforms-submit-5\" class=\"wpforms-submit\" data-alt-text=\"Enviando...\" data-submit-text=\"ENVIAR MENSAJE\" aria-live=\"assertive\" value=\"wpforms-submit\">ENVIAR MENSAJE<\/button><img loading=\"lazy\" decoding=\"async\" src=\"https:\/\/elyonlogistics.com.mx\/wp-content\/plugins\/wpforms-lite\/assets\/images\/submit-spin.svg\" class=\"wpforms-submit-spinner\" style=\"display: none;\" width=\"26\" height=\"26\" alt=\"Loading\"><\/div><\/form><\/div>  <!-- .wpforms-container --><\/div>\n\n\n\n<div class=\"wp-block-uagb-container uagb-block-a6b1f9db\">\n<div class=\"wp-block-uagb-advanced-heading uagb-block-b1979d84\"><h4 class=\"uagb-heading-text\">Conoce m\u00e1s sobre nosotros<\/h4><\/div>\n\n\n\n<div class=\"wp-block-uagb-advanced-heading uagb-block-3dcf195d\"><h2 class=\"uagb-heading-text\">Preguntas Frecuentes de Nuestros Clientes<\/h2><\/div>\n\n\n\n<div class=\"wp-block-uagb-advanced-heading uagb-block-1ec3c036\"><h6 class=\"uagb-heading-text\">1. <strong>\u00bfQu\u00e9 es Elyon Logistics?<\/strong><\/h6><p class=\"uagb-desc-text\">Elyon logistics es una empresa enfocada en proveer soluciones integrales a la cadena de suministro automotriz, brindando un servicio log\u00edstico e integral a cadenas globales.<\/p><\/div>\n\n\n\n<div class=\"wp-block-uagb-advanced-heading uagb-block-57ba5843\"><h6 class=\"uagb-heading-text\">2. <strong>\u00bfD\u00f3nde se ubican?<\/strong><\/h6><p class=\"uagb-desc-text\">Elyon Logistics se ubica en el puerto de Mazatl\u00e1n, siendo este un puerto estrat\u00e9gico por su ubicaci\u00f3n en el corredor del T-MEC donde llegan embarcaciones con carga vehicular de diferentes pa\u00edses.<\/p><\/div>\n\n\n\n<div class=\"wp-block-uagb-advanced-heading uagb-block-78850adf\"><h6 class=\"uagb-heading-text\">3. <strong>\u00bfQu\u00e9 servicios brindan?<\/strong><\/h6><\/div>\n\n\n\n<div class=\"wp-block-uagb-icon-list uagb-block-b778dcd6\"><div class=\"uagb-icon-list__wrap\">\n<div class=\"wp-block-uagb-icon-list-child uagb-block-2002adb5\"><span class=\"uagb-icon-list__source-wrap\"><svg xmlns=\"https:\/\/www.w3.org\/2000\/svg\" viewBox=\"0 0 512 512\"><path d=\"M0 256C0 114.6 114.6 0 256 0C397.4 0 512 114.6 512 256C512 397.4 397.4 512 256 512C114.6 512 0 397.4 0 256zM371.8 211.8C382.7 200.9 382.7 183.1 371.8 172.2C360.9 161.3 343.1 161.3 332.2 172.2L224 280.4L179.8 236.2C168.9 225.3 151.1 225.3 140.2 236.2C129.3 247.1 129.3 264.9 140.2 275.8L204.2 339.8C215.1 350.7 232.9 350.7 243.8 339.8L371.8 211.8z\"><\/path><\/svg><\/span><span class=\"uagb-icon-list__label\">Renta de Patio log\u00edstico.<\/span><\/div>\n\n\n\n<div class=\"wp-block-uagb-icon-list-child uagb-block-cb7ddee5\"><span class=\"uagb-icon-list__source-wrap\"><svg xmlns=\"https:\/\/www.w3.org\/2000\/svg\" viewBox=\"0 0 512 512\"><path d=\"M0 256C0 114.6 114.6 0 256 0C397.4 0 512 114.6 512 256C512 397.4 397.4 512 256 512C114.6 512 0 397.4 0 256zM371.8 211.8C382.7 200.9 382.7 183.1 371.8 172.2C360.9 161.3 343.1 161.3 332.2 172.2L224 280.4L179.8 236.2C168.9 225.3 151.1 225.3 140.2 236.2C129.3 247.1 129.3 264.9 140.2 275.8L204.2 339.8C215.1 350.7 232.9 350.7 243.8 339.8L371.8 211.8z\"><\/path><\/svg><\/span><span class=\"uagb-icon-list__label\">Instalaci\u00f3n de REPUVE. (Registro p\u00fablico vehicular)<\/span><\/div>\n\n\n\n<div class=\"wp-block-uagb-icon-list-child uagb-block-13d285d2\"><span class=\"uagb-icon-list__source-wrap\"><svg xmlns=\"https:\/\/www.w3.org\/2000\/svg\" viewBox=\"0 0 512 512\"><path d=\"M0 256C0 114.6 114.6 0 256 0C397.4 0 512 114.6 512 256C512 397.4 397.4 512 256 512C114.6 512 0 397.4 0 256zM371.8 211.8C382.7 200.9 382.7 183.1 371.8 172.2C360.9 161.3 343.1 161.3 332.2 172.2L224 280.4L179.8 236.2C168.9 225.3 151.1 225.3 140.2 236.2C129.3 247.1 129.3 264.9 140.2 275.8L204.2 339.8C215.1 350.7 232.9 350.7 243.8 339.8L371.8 211.8z\"><\/path><\/svg><\/span><span class=\"uagb-icon-list__label\">Maniobras y cargas de madrinas.<\/span><\/div>\n\n\n\n<div class=\"wp-block-uagb-icon-list-child uagb-block-f0e8e258\"><span class=\"uagb-icon-list__source-wrap\"><svg xmlns=\"https:\/\/www.w3.org\/2000\/svg\" viewBox=\"0 0 512 512\"><path d=\"M0 256C0 114.6 114.6 0 256 0C397.4 0 512 114.6 512 256C512 397.4 397.4 512 256 512C114.6 512 0 397.4 0 256zM371.8 211.8C382.7 200.9 382.7 183.1 371.8 172.2C360.9 161.3 343.1 161.3 332.2 172.2L224 280.4L179.8 236.2C168.9 225.3 151.1 225.3 140.2 236.2C129.3 247.1 129.3 264.9 140.2 275.8L204.2 339.8C215.1 350.7 232.9 350.7 243.8 339.8L371.8 211.8z\"><\/path><\/svg><\/span><span class=\"uagb-icon-list__label\">Traslado muelle-patio.<\/span><\/div>\n\n\n\n<div class=\"wp-block-uagb-icon-list-child uagb-block-b1c5d244\"><span class=\"uagb-icon-list__source-wrap\"><svg xmlns=\"https:\/\/www.w3.org\/2000\/svg\" viewBox=\"0 0 512 512\"><path d=\"M0 256C0 114.6 114.6 0 256 0C397.4 0 512 114.6 512 256C512 397.4 397.4 512 256 512C114.6 512 0 397.4 0 256zM371.8 211.8C382.7 200.9 382.7 183.1 371.8 172.2C360.9 161.3 343.1 161.3 332.2 172.2L224 280.4L179.8 236.2C168.9 225.3 151.1 225.3 140.2 236.2C129.3 247.1 129.3 264.9 140.2 275.8L204.2 339.8C215.1 350.7 232.9 350.7 243.8 339.8L371.8 211.8z\"><\/path><\/svg><\/span><span class=\"uagb-icon-list__label\">Transporte en Madrinas.<\/span><\/div>\n<\/div><\/div>\n\n\n\n<div class=\"wp-block-uagb-advanced-heading uagb-block-57ba5843\"><h6 class=\"uagb-heading-text\">4. <strong><strong>\u00bfQu\u00e9 garantizamos a los clientes?<\/strong><\/strong><\/h6><p class=\"uagb-desc-text\">Seguridad, confianza, calidad, atenci\u00f3n al detalle, cuidado y precauci\u00f3n durante cada etapa de la cadena de suministro automotriz.<\/p><\/div>\n<\/div>\n<\/div><\/div>\n","protected":false},"excerpt":{"rendered":"<p>\u0417\u0432\u044f\u0436\u044b\u0446\u0435\u0441\u044f \u0437 \u043d\u0430\u043c\u0456 \u041d\u0430\u0448\u0430 \u0448\u0442\u0430\u0431-\u043a\u0432\u0430\u0442\u044d\u0440\u0430 \u041a\u0430\u043d\u0442\u0430\u043a\u0442\u043d\u0430\u044f \u0456\u043d\u0444\u0430\u0440\u043c\u0430\u0446\u044b\u044f Elyon Logistics \u0410\u0434\u0440\u0430\u0441 Camino Aeropuerto Mazatl\u00e1n S\/N Col. Habalito del Tubo CP. 82207 \u0413\u0430\u0434\u0437\u0456\u043d\u044b \u043f\u0440\u0430\u0446\u044b \u041f\u0430\u043d\u044f\u0434\u0437\u0435\u043b\u0430\u043a - \u043f\u044f\u0442\u043d\u0456\u0446\u0430 8:30 - 17:30 \u0421\u0443\u0431\u043e\u0442\u0430 8:30 - 14:00 \u042d\u043b\u0435\u043a\u0442\u0440\u043e\u043d\u043d\u0430\u044f \u043f\u043e\u0448\u0442\u0430<\/p>","protected":false},"author":1,"featured_media":0,"parent":0,"menu_order":0,"comment_status":"closed","ping_status":"closed","template":"","meta":{"_crdt_document":"","_uag_custom_page_level_css":"","site-sidebar-layout":"no-sidebar","site-content-layout":"plain-container","ast-site-content-layout":"normal-width-container","site-content-style":"unboxed","site-sidebar-style":"unboxed","ast-global-header-display":"","ast-banner-title-visibility":"","ast-main-header-display":"","ast-hfb-above-header-display":"","ast-hfb-below-header-display":"","ast-hfb-mobile-header-display":"","site-post-title":"disabled","ast-breadcrumbs-content":"","ast-featured-img":"disabled","footer-sml-layout":"","ast-disable-related-posts":"","theme-transparent-header-meta":"enabled","adv-header-id-meta":"","stick-header-meta":"","header-above-stick-meta":"","header-main-stick-meta":"","header-below-stick-meta":"","astra-migrate-meta-layouts":"set","ast-page-background-enabled":"default","ast-page-background-meta":{"desktop":{"background-color":"var(--ast-global-color-4)","background-image":"","background-repeat":"repeat","background-position":"center center","background-size":"auto","background-attachment":"scroll","background-type":"","background-media":"","overlay-type":"","overlay-color":"","overlay-opacity":"","overlay-gradient":""},"tablet":{"background-color":"","background-image":"","background-repeat":"repeat","background-position":"center center","background-size":"auto","background-attachment":"scroll","background-type":"","background-media":"","overlay-type":"","overlay-color":"","overlay-opacity":"","overlay-gradient":""},"mobile":{"background-color":"","background-image":"","background-repeat":"repeat","background-position":"center center","background-size":"auto","background-attachment":"scroll","background-type":"","background-media":"","overlay-type":"","overlay-color":"","overlay-opacity":"","overlay-gradient":""}},"ast-content-background-meta":{"desktop":{"background-color":"var(--ast-global-color-5)","background-image":"","background-repeat":"repeat","background-position":"center center","background-size":"auto","background-attachment":"scroll","background-type":"","background-media":"","overlay-type":"","overlay-color":"","overlay-opacity":"","overlay-gradient":""},"tablet":{"background-color":"var(--ast-global-color-5)","background-image":"","background-repeat":"repeat","background-position":"center center","background-size":"auto","background-attachment":"scroll","background-type":"","background-media":"","overlay-type":"","overlay-color":"","overlay-opacity":"","overlay-gradient":""},"mobile":{"background-color":"var(--ast-global-color-5)","background-image":"","background-repeat":"repeat","background-position":"center center","background-size":"auto","background-attachment":"scroll","background-type":"","background-media":"","overlay-type":"","overlay-color":"","overlay-opacity":"","overlay-gradient":""}},"footnotes":""},"class_list":["post-501","page","type-page","status-publish","hentry"],"yoast_head":"<!-- This site is optimized with the Yoast SEO plugin v27.4 - https:\/\/yoast.com\/product\/yoast-seo-wordpress\/ -->\n<title>Contacto - Elyon Logistics<\/title>\n<meta name=\"robots\" content=\"index, follow, max-snippet:-1, max-image-preview:large, max-video-preview:-1\" \/>\n<link rel=\"canonical\" href=\"https:\/\/elyonlogistics.com.mx\/be\/contacto\/\" \/>\n<meta property=\"og:locale\" content=\"en_US\" \/>\n<meta property=\"og:type\" content=\"article\" \/>\n<meta property=\"og:title\" content=\"Contacto - Elyon Logistics\" \/>\n<meta property=\"og:description\" content=\"Cont\u00e1ctanos Nuestra Sede Detalles de Contacto Elyon Logistics Direcci\u00f3n Camino Aeropuerto Mazatl\u00e1n S\/N Col. Habalito del Tubo CP. 82207 Horarios Lunes &#8211; Viernes 08:30 am &#8211; 17:30 pmS\u00e1bado 08:30 am &#8211; 14:00 pm Email\" \/>\n<meta property=\"og:url\" content=\"https:\/\/elyonlogistics.com.mx\/be\/contacto\/\" \/>\n<meta property=\"og:site_name\" content=\"Elyon Logistics\" \/>\n<meta property=\"article:modified_time\" content=\"2025-10-07T17:45:29+00:00\" \/>\n<meta name=\"twitter:card\" content=\"summary_large_image\" \/>\n<meta name=\"twitter:label1\" content=\"Est. reading time\" \/>\n\t<meta name=\"twitter:data1\" content=\"1 minute\" \/>\n<script type=\"application\/ld+json\" class=\"yoast-schema-graph\">{\"@context\":\"https:\\\/\\\/schema.org\",\"@graph\":[{\"@type\":\"WebPage\",\"@id\":\"https:\\\/\\\/elyonlogistics.com.mx\\\/contacto\\\/\",\"url\":\"https:\\\/\\\/elyonlogistics.com.mx\\\/contacto\\\/\",\"name\":\"Contacto - Elyon Logistics\",\"isPartOf\":{\"@id\":\"https:\\\/\\\/elyonlogistics.com.mx\\\/#website\"},\"datePublished\":\"2022-02-21T12:45:14+00:00\",\"dateModified\":\"2025-10-07T17:45:29+00:00\",\"breadcrumb\":{\"@id\":\"https:\\\/\\\/elyonlogistics.com.mx\\\/contacto\\\/#breadcrumb\"},\"inLanguage\":\"be\",\"potentialAction\":[{\"@type\":\"ReadAction\",\"target\":[\"https:\\\/\\\/elyonlogistics.com.mx\\\/contacto\\\/\"]}]},{\"@type\":\"BreadcrumbList\",\"@id\":\"https:\\\/\\\/elyonlogistics.com.mx\\\/contacto\\\/#breadcrumb\",\"itemListElement\":[{\"@type\":\"ListItem\",\"position\":1,\"name\":\"Inicio\",\"item\":\"https:\\\/\\\/elyonlogistics.com.mx\\\/\"},{\"@type\":\"ListItem\",\"position\":2,\"name\":\"Contacto\"}]},{\"@type\":\"WebSite\",\"@id\":\"https:\\\/\\\/elyonlogistics.com.mx\\\/#website\",\"url\":\"https:\\\/\\\/elyonlogistics.com.mx\\\/\",\"name\":\"Elyon Logistics\",\"description\":\"Elyon Logistics\",\"potentialAction\":[{\"@type\":\"SearchAction\",\"target\":{\"@type\":\"EntryPoint\",\"urlTemplate\":\"https:\\\/\\\/elyonlogistics.com.mx\\\/?s={search_term_string}\"},\"query-input\":{\"@type\":\"PropertyValueSpecification\",\"valueRequired\":true,\"valueName\":\"search_term_string\"}}],\"inLanguage\":\"be\"}]}<\/script>\n<!-- \/ Yoast SEO plugin. -->","yoast_head_json":{"title":"Contacto - Elyon Logistics","robots":{"index":"index","follow":"follow","max-snippet":"max-snippet:-1","max-image-preview":"max-image-preview:large","max-video-preview":"max-video-preview:-1"},"canonical":"https:\/\/elyonlogistics.com.mx\/be\/contacto\/","og_locale":"en_US","og_type":"article","og_title":"Contacto - Elyon Logistics","og_description":"Cont\u00e1ctanos Nuestra Sede Detalles de Contacto Elyon Logistics Direcci\u00f3n Camino Aeropuerto Mazatl\u00e1n S\/N Col. Habalito del Tubo CP. 82207 Horarios Lunes &#8211; Viernes 08:30 am &#8211; 17:30 pmS\u00e1bado 08:30 am &#8211; 14:00 pm Email","og_url":"https:\/\/elyonlogistics.com.mx\/be\/contacto\/","og_site_name":"Elyon Logistics","article_modified_time":"2025-10-07T17:45:29+00:00","twitter_card":"summary_large_image","twitter_misc":{"Est. reading time":"1 minute"},"schema":{"@context":"https:\/\/schema.org","@graph":[{"@type":"WebPage","@id":"https:\/\/elyonlogistics.com.mx\/contacto\/","url":"https:\/\/elyonlogistics.com.mx\/contacto\/","name":"Contacto - Elyon Logistics","isPartOf":{"@id":"https:\/\/elyonlogistics.com.mx\/#website"},"datePublished":"2022-02-21T12:45:14+00:00","dateModified":"2025-10-07T17:45:29+00:00","breadcrumb":{"@id":"https:\/\/elyonlogistics.com.mx\/contacto\/#breadcrumb"},"inLanguage":"be","potentialAction":[{"@type":"ReadAction","target":["https:\/\/elyonlogistics.com.mx\/contacto\/"]}]},{"@type":"BreadcrumbList","@id":"https:\/\/elyonlogistics.com.mx\/contacto\/#breadcrumb","itemListElement":[{"@type":"ListItem","position":1,"name":"Inicio","item":"https:\/\/elyonlogistics.com.mx\/"},{"@type":"ListItem","position":2,"name":"Contacto"}]},{"@type":"WebSite","@id":"https:\/\/elyonlogistics.com.mx\/#website","url":"https:\/\/elyonlogistics.com.mx\/","name":"\u042d\u043b\u0456\u0451\u043d \u041b\u0430\u0433\u0456\u0441\u0442\u044b\u043a\u0430","description":"\u042d\u043b\u0456\u0451\u043d \u041b\u0430\u0433\u0456\u0441\u0442\u044b\u043a\u0430","potentialAction":[{"@type":"SearchAction","target":{"@type":"EntryPoint","urlTemplate":"https:\/\/elyonlogistics.com.mx\/?s={search_term_string}"},"query-input":{"@type":"PropertyValueSpecification","valueRequired":true,"valueName":"search_term_string"}}],"inLanguage":"be"}]}},"uagb_featured_image_src":{"full":false,"thumbnail":false,"medium":false,"medium_large":false,"large":false,"1536x1536":false,"2048x2048":false,"trp-custom-language-flag":false},"uagb_author_info":{"display_name":"admin","author_link":"https:\/\/elyonlogistics.com.mx\/be\/author\/admin\/"},"uagb_comment_info":0,"uagb_excerpt":"Cont\u00e1ctanos Nuestra Sede Detalles de Contacto Elyon Logistics Direcci\u00f3n Camino Aeropuerto Mazatl\u00e1n S\/N Col. Habalito del Tubo CP. 82207 Horarios Lunes &#8211; Viernes 08:30 am &#8211; 17:30 pmS\u00e1bado 08:30 am &#8211; 14:00 pm Email","_links":{"self":[{"href":"https:\/\/elyonlogistics.com.mx\/be\/wp-json\/wp\/v2\/pages\/501","targetHints":{"allow":["GET"]}}],"collection":[{"href":"https:\/\/elyonlogistics.com.mx\/be\/wp-json\/wp\/v2\/pages"}],"about":[{"href":"https:\/\/elyonlogistics.com.mx\/be\/wp-json\/wp\/v2\/types\/page"}],"author":[{"embeddable":true,"href":"https:\/\/elyonlogistics.com.mx\/be\/wp-json\/wp\/v2\/users\/1"}],"replies":[{"embeddable":true,"href":"https:\/\/elyonlogistics.com.mx\/be\/wp-json\/wp\/v2\/comments?post=501"}],"version-history":[{"count":5,"href":"https:\/\/elyonlogistics.com.mx\/be\/wp-json\/wp\/v2\/pages\/501\/revisions"}],"predecessor-version":[{"id":1640,"href":"https:\/\/elyonlogistics.com.mx\/be\/wp-json\/wp\/v2\/pages\/501\/revisions\/1640"}],"wp:attachment":[{"href":"https:\/\/elyonlogistics.com.mx\/be\/wp-json\/wp\/v2\/media?parent=501"}],"curies":[{"name":"\u0432\u043f","href":"https:\/\/api.w.org\/{rel}","templated":true}]}}